{"id":99,"date":"2023-04-03T20:55:21","date_gmt":"2023-04-03T18:55:21","guid":{"rendered":"https:\/\/iiclubiana.esteri.it\/chi-siamo\/contatti\/"},"modified":"2025-01-07T09:19:20","modified_gmt":"2025-01-07T08:19:20","slug":"contatti","status":"publish","type":"page","link":"https:\/\/iiclubiana.esteri.it\/sl\/chi-siamo\/contatti\/","title":{"rendered":"Kontakti"},"content":{"rendered":"<p><strong><span class=\"titoloRosso\">Italijanski in\u0161titut za kulturo v Sloveniji<\/span>\u00a0<\/strong><\/p>\n<p>Breg 12<br \/>\nSI &#8211; 1000 Ljubljana &#8211; Slovenija<br \/>\nTel.: +386.1.241.56.46<\/p>\n<p>e-mail: <a href=\"mailto:segreteria.iiclubiana@esteri.it\">segr.iiclubiana@esteri.it<\/a><\/p>\n<p>Elektronski naslov s certifikatom: <a href=\"mailto:iic.lubiana@cert.esteri.it\">iic.lubiana@cert.esteri.it<\/a>\u00a0(na tem naslovu je omogo\u010deno zgolj prejemanje certificirane elektronske po\u0161te &#8211; PEC).<\/p>\n<p>&nbsp;<\/p>\n<p><span class=\"titoloRosso\"><span class=\"titoloCategoria\">Delovni \u010das:<\/span><br \/>\n<\/span><br \/>\n<span class=\"titoloRosso\">Pisarne:<\/span><br \/>\nponedeljek\u00a0&#8211; \u010detrtek: 9.00 &#8211; 15.00<br \/>\npetek: 9.00 &#8211; 13.30<\/p>\n<p>&nbsp;<\/p>\n<p><span class=\"titoloRosso\">Mediateka:\u00a0<\/span>po predhodni najavi (<a href=\"mailto:segreteria.iiclubiana@esteri.it\">biblioteca.iiclubiana@esteri.it<\/a>)<\/p>\n<p>&nbsp;<\/p>\n<p><span class=\"titoloRosso\">Koledar praznikov: <\/span><br \/>\n1. 1. novo leto<br \/>\n6. 1. sveti trije kralji<br \/>\n25. 4. dan osvoboditve (italijanski praznik)<br \/>\n1. 5. praznik dela<br \/>\n2. 6. praznik Italijanske republike<br \/>\n25. 6. dan dr\u017eavnosti (slovenski praznik)<br \/>\n15. 8. Marijino vnebovzetje<br \/>\n1. 11. dan mrtvih<br \/>\n25. 12. bo\u017ei\u010d<br \/>\n26. 12. dan samostojnosti in enotnosti (slovenski praznik)<\/p>\n","protected":false},"excerpt":{"rendered":"Italijanski in\u0161titut za kulturo v Sloveniji\u00a0 Breg 12 SI &#8211; 1000 Ljubljana &#8211; Slovenija Tel.: +386.1.241.56.46 e-mail: segr.iiclubiana@esteri.it Elektronski naslov s certifikatom: iic.lubiana@cert.esteri.it\u00a0(na tem naslovu je omogo\u010deno zgolj prejemanje certificirane elektronske po\u0161te &#8211; PEC). &nbsp; Delovni \u010das: Pisarne: ponedeljek\u00a0&#8211; \u010detrtek: 9.00 &#8211; 15.00 petek: 9.00 &#8211; 13.30 &nbsp; Mediateka:\u00a0po predhodni najavi (biblioteca.iiclubiana@esteri.it) &nbsp; Koledar praznikov: [&hellip;]","protected":false},"author":1,"featured_media":0,"parent":96,"menu_order":4,"comment_status":"closed","ping_status":"closed","template":"","meta":{"footnotes":""},"class_list":["post-99","page","type-page","status-publish","hentry"],"_links":{"self":[{"href":"https:\/\/iiclubiana.esteri.it\/sl\/wp-json\/wp\/v2\/pages\/99","targetHints":{"allow":["GET"]}}],"collection":[{"href":"https:\/\/iiclubiana.esteri.it\/sl\/wp-json\/wp\/v2\/pages"}],"about":[{"href":"https:\/\/iiclubiana.esteri.it\/sl\/wp-json\/wp\/v2\/types\/page"}],"author":[{"embeddable":true,"href":"https:\/\/iiclubiana.esteri.it\/sl\/wp-json\/wp\/v2\/users\/1"}],"replies":[{"embeddable":true,"href":"https:\/\/iiclubiana.esteri.it\/sl\/wp-json\/wp\/v2\/comments?post=99"}],"version-history":[{"count":6,"href":"https:\/\/iiclubiana.esteri.it\/sl\/wp-json\/wp\/v2\/pages\/99\/revisions"}],"predecessor-version":[{"id":4420,"href":"https:\/\/iiclubiana.esteri.it\/sl\/wp-json\/wp\/v2\/pages\/99\/revisions\/4420"}],"up":[{"embeddable":true,"href":"https:\/\/iiclubiana.esteri.it\/sl\/wp-json\/wp\/v2\/pages\/96"}],"wp:attachment":[{"href":"https:\/\/iiclubiana.esteri.it\/sl\/wp-json\/wp\/v2\/media?parent=99"}],"curies":[{"name":"wp","href":"https:\/\/api.w.org\/{rel}","templated":true}]}}