{"id":5242,"date":"2025-08-05T16:27:58","date_gmt":"2025-08-05T14:27:58","guid":{"rendered":"https:\/\/iiclubiana.esteri.it\/?page_id=5242"},"modified":"2026-01-09T09:58:09","modified_gmt":"2026-01-09T08:58:09","slug":"urnik-in-cene","status":"publish","type":"page","link":"https:\/\/iiclubiana.esteri.it\/sl\/lingua-e-cultura\/i-corsi-di-lingua\/kako-se-vpisemo\/urnik-in-cene\/","title":{"rendered":"Urnik in cene"},"content":{"rendered":"<p style=\"text-align: center;\"><a href=\"https:\/\/iiclubiana.esteri.it\/wp-content\/uploads\/2026\/01\/Urnik-PRI2026.pdf\" target=\"_blank\" rel=\"noopener\">URNIK<\/a><\/p>\n<p><strong>STANDARDNI TE\u010cAJI v \u017eivo ali na daljavo<\/strong><\/p>\n<p>Za \u0161tudente in odrasle:<\/p>\n<p>1)\u00a0<strong>60-urni te\u010daj<\/strong>, dvakrat na teden po 2 \u0161olski uri (ponedeljek in sreda ali torek in \u010detrtek)<br \/>\nCena\u00a0(brez u\u010dbenikov): <strong>490,00 \u20ac (<\/strong><strong>enkratno pla\u010dilo) <\/strong><strong>\u2013\u00a0 <\/strong><strong>510,00 \u20ac (pla\u010dilo v 2 obrokih po 255,00 \u20ac)<\/strong><\/p>\n<p>2)\u00a0<strong>30-urni te\u010daj,<\/strong>\u00a0enkrat tedensko po dve \u0161olski uri.<br \/>\nCena (brez u\u010dbenikov):\u00a0<strong>295,00 \u20ac (<\/strong><strong>enkratno pla\u010dilo) <\/strong><strong>\u2013\u00a0 <\/strong><strong>310,00 \u20ac<\/strong>\u00a0<strong>(pla\u010dilo v 2 obrokih po 155,00 \u20ac)<\/strong><\/p>\n<p><strong>INTENZIVNI TE\u010cAJI<\/strong>:\u00a0predstavljajo idealno re\u0161itev za hitro in intenzivno u\u010denje italijanskega jezika.\u00a0<strong>24 \u0161olskih ur<\/strong>, trikrat na teden, 4 tedne, dopoldne ali popoldne ali zve\u010der.<br \/>\nCena (brez u\u010dbenikov):<strong>\u00a0270,00 \u20ac (enkratno pla\u010dilo)<\/strong><\/p>\n<p><strong>KONVERZACIJA<\/strong>: za tiste, ki \u017ee dobro znajo italijan\u0161\u010dino, ampak \u017eelijo izbolj\u0161ati svoje znanje jezika in kulture s pomo\u010djo rojenih govorcev.\u00a0<strong>30 \u0161olskih ur<\/strong>, enkrat na teden, dopoldne ali popoldne ali zve\u010der.<br \/>\nCena:\u00a0<strong>285,00 \u20ac (<\/strong><strong>enkratno pla\u010dilo) <\/strong><strong>\u2013\u00a0 <\/strong><strong>300,00 \u20ac<\/strong>\u00a0<strong>(pla\u010dilo v 2 obrokih po 150,00 \u20ac)<\/strong><\/p>\n<p><strong>PRIPRAVLJALNI TE\u010cAJ ZA IZPIT CELI\u00a0(15 ur)<\/strong><br \/>\nCena:\u00a0<strong>150,00 \u20ac (enkratno pla\u010dilo)<\/strong>, gradivo dobite na In\u0161titutu<\/p>\n<p>Vse cene se nana\u0161ajo na skupine z\u00a0<strong>min. 4 te\u010dajniki<\/strong>. V primeru manj\u0161ega \u0161tevila te\u010dajnikov si In\u0161titut pridr\u017euje pravico, da te\u010daj odpove ali v dogovoru z vpisanimi zmanj\u0161a \u0161tevilo ur ali zvi\u0161a ceno.<\/p>\n<p><strong>Popusti<\/strong>: Dijaki, \u0161tudenti, upokojenci in brezposelni imajo 10% popusta.<\/p>\n<p><strong>Pogoji<\/strong>:\u00a0Za vpis na\u00a0te\u010daje,\u00a0z izjemo za\u010detne stopnje, je potrebno opraviti uvrstitveni test, da vam lahko svetujemo najprimernej\u0161o stopnjo za vas.<\/p>\n<p>&nbsp;<\/p>\n<p><strong>INDIVIDUALNI TE\u010cAJI<\/strong>:<br \/>\nCena\u00a0(brez u\u010dbenikov):<\/p>\n<p>1 ura 35,00 \u20ac<br \/>\n10 ur 315,00 \u20ac<br \/>\n20 ur 595,00 \u20ac<br \/>\n30 ur 840,00 \u20ac<br \/>\n40 ur 1.080,00 \u20ac<br \/>\n50 ur 1.295,00 \u20ac<\/p>\n<p>Te\u010daji potekajo od 9. ure do 21. ure.<\/p>\n<p>&nbsp;<\/p>\n<p><strong>TE\u010cAJI ZA OTROKE<\/strong>:<strong>\u00a030\u00a0sre\u010danj\u00a0po 60 minut<\/strong>, enkrat na teden.<br \/>\nCena (brez u\u010dbenikov):\u00a0<strong>320,00 \u20ac (<\/strong><strong>enkratno pla\u010dilo) <\/strong><strong>\u2013\u00a0 <\/strong><strong>340,00 \u20ac<\/strong>\u00a0<strong>(pla\u010dilo v 2 obrokih po 170,00 \u20ac)<\/strong><\/p>\n<p>&nbsp;<\/p>\n","protected":false},"excerpt":{"rendered":"URNIK STANDARDNI TE\u010cAJI v \u017eivo ali na daljavo Za \u0161tudente in odrasle: 1)\u00a060-urni te\u010daj, dvakrat na teden po 2 \u0161olski uri (ponedeljek in sreda ali torek in \u010detrtek) Cena\u00a0(brez u\u010dbenikov): 490,00 \u20ac (enkratno pla\u010dilo) \u2013\u00a0 510,00 \u20ac (pla\u010dilo v 2 obrokih po 255,00 \u20ac) 2)\u00a030-urni te\u010daj,\u00a0enkrat tedensko po dve \u0161olski uri. Cena (brez u\u010dbenikov):\u00a0295,00 \u20ac [&hellip;]","protected":false},"author":6,"featured_media":0,"parent":2729,"menu_order":0,"comment_status":"closed","ping_status":"closed","template":"","meta":{"footnotes":""},"class_list":["post-5242","page","type-page","status-publish","hentry"],"_links":{"self":[{"href":"https:\/\/iiclubiana.esteri.it\/sl\/wp-json\/wp\/v2\/pages\/5242","targetHints":{"allow":["GET"]}}],"collection":[{"href":"https:\/\/iiclubiana.esteri.it\/sl\/wp-json\/wp\/v2\/pages"}],"about":[{"href":"https:\/\/iiclubiana.esteri.it\/sl\/wp-json\/wp\/v2\/types\/page"}],"author":[{"embeddable":true,"href":"https:\/\/iiclubiana.esteri.it\/sl\/wp-json\/wp\/v2\/users\/6"}],"replies":[{"embeddable":true,"href":"https:\/\/iiclubiana.esteri.it\/sl\/wp-json\/wp\/v2\/comments?post=5242"}],"version-history":[{"count":6,"href":"https:\/\/iiclubiana.esteri.it\/sl\/wp-json\/wp\/v2\/pages\/5242\/revisions"}],"predecessor-version":[{"id":5696,"href":"https:\/\/iiclubiana.esteri.it\/sl\/wp-json\/wp\/v2\/pages\/5242\/revisions\/5696"}],"up":[{"embeddable":true,"href":"https:\/\/iiclubiana.esteri.it\/sl\/wp-json\/wp\/v2\/pages\/2729"}],"wp:attachment":[{"href":"https:\/\/iiclubiana.esteri.it\/sl\/wp-json\/wp\/v2\/media?parent=5242"}],"curies":[{"name":"wp","href":"https:\/\/api.w.org\/{rel}","templated":true}]}}