{"id":5217,"date":"2025-08-05T16:27:35","date_gmt":"2025-08-05T14:27:35","guid":{"rendered":"https:\/\/iiclubiana.esteri.it\/?page_id=5217"},"modified":"2026-01-09T10:03:46","modified_gmt":"2026-01-09T09:03:46","slug":"vpisi","status":"publish","type":"page","link":"https:\/\/iiclubiana.esteri.it\/sl\/lingua-e-cultura\/i-corsi-di-lingua\/kako-se-vpisemo\/vpisi\/","title":{"rendered":"Vpisi"},"content":{"rendered":"<p>Vpisi na te\u010daje italijanskega jezika in kulture bodo potekali <strong>od 12. januarja do (vklju\u010dno) 6. februarja 2026<\/strong>. Te\u010daji se bodo za\u010deli od <strong>9. februarja 2026<\/strong> in kon\u010dali do <strong>11. junija 2026.<\/strong><\/p>\n<p>Za vpis izpolnite\u00a0<a href=\"https:\/\/iiclubiana.esteri.it\/wp-content\/uploads\/2026\/01\/Modulo-iscrizione_PRI2026.pdf\" target=\"_blank\" rel=\"noopener\"><strong>prijavnico<\/strong>\u00a0<\/a>in jo po\u0161ljite po elektronski po\u0161ti na\u00a0<a href=\"mailto:tecaji.iiclubiana@gmail.com\">tecaji.iiclubiana@gmail.com<\/a>.<\/p>\n<p>Ob prijavi je treba izvesti\u00a0<strong>pla\u010dilo<\/strong>\u00a0celotnega te\u010daja ali prvega od dveh obrokov preko TRR; IBAN \u0161tevilka je navedena v prijavnici. Vpis se smatra opravljen po prejetem pla\u010dilu.<\/p>\n<p>Te\u010daj se bo izvedel, \u010de bo ob koncu prijavnega obdobja dose\u017eeno minimalno \u0161tevilo udele\u017eencev.<\/p>\n<p>In\u0161titut si pridr\u017euje pravico do sprememb ali dopolnitev urnika, terminov in\/ali predavatelja.<\/p>\n<p><strong>Vra\u010dilo vpla\u010danega zneska za prijavo je mo\u017eno le in izklju\u010dno v primeru odpovedi te\u010daja s strani Italijanskega in\u0161tituta za kulturo ali spremembe urnika, ki ni sprejemljiva za vpisane te\u010dajnike.<\/strong><\/p>\n<p>Za vse informacije je tajni\u0161tvo dosegljivo na telefonski \u0161tevilki 01\/241 56 40 ali na\u00a0<a href=\"mailto:tecaji.iiclubiana@gmail.com\">tecaji.iiclubiana@gmail.com<\/a>.<\/p>\n<p><a href=\"https:\/\/iiclubiana.esteri.it\/wp-content\/uploads\/2026\/01\/Modulo-iscrizione_PRI2026.pdf\" target=\"_blank\" rel=\"noopener\"><strong>PRIJAVNICA ZA TE\u010cAJE ZA ODRASLE<\/strong><\/a><\/p>\n<p><strong>PRIJAVNICA ZA TE\u010cAJE ZA OTROKE<\/strong><\/p>\n","protected":false},"excerpt":{"rendered":"Vpisi na te\u010daje italijanskega jezika in kulture bodo potekali od 12. januarja do (vklju\u010dno) 6. februarja 2026. Te\u010daji se bodo za\u010deli od 9. februarja 2026 in kon\u010dali do 11. junija 2026. Za vpis izpolnite\u00a0prijavnico\u00a0in jo po\u0161ljite po elektronski po\u0161ti na\u00a0tecaji.iiclubiana@gmail.com. Ob prijavi je treba izvesti\u00a0pla\u010dilo\u00a0celotnega te\u010daja ali prvega od dveh obrokov preko TRR; IBAN \u0161tevilka [&hellip;]","protected":false},"author":6,"featured_media":0,"parent":2729,"menu_order":1,"comment_status":"closed","ping_status":"closed","template":"","meta":{"footnotes":""},"class_list":["post-5217","page","type-page","status-publish","hentry"],"_links":{"self":[{"href":"https:\/\/iiclubiana.esteri.it\/sl\/wp-json\/wp\/v2\/pages\/5217","targetHints":{"allow":["GET"]}}],"collection":[{"href":"https:\/\/iiclubiana.esteri.it\/sl\/wp-json\/wp\/v2\/pages"}],"about":[{"href":"https:\/\/iiclubiana.esteri.it\/sl\/wp-json\/wp\/v2\/types\/page"}],"author":[{"embeddable":true,"href":"https:\/\/iiclubiana.esteri.it\/sl\/wp-json\/wp\/v2\/users\/6"}],"replies":[{"embeddable":true,"href":"https:\/\/iiclubiana.esteri.it\/sl\/wp-json\/wp\/v2\/comments?post=5217"}],"version-history":[{"count":6,"href":"https:\/\/iiclubiana.esteri.it\/sl\/wp-json\/wp\/v2\/pages\/5217\/revisions"}],"predecessor-version":[{"id":5699,"href":"https:\/\/iiclubiana.esteri.it\/sl\/wp-json\/wp\/v2\/pages\/5217\/revisions\/5699"}],"up":[{"embeddable":true,"href":"https:\/\/iiclubiana.esteri.it\/sl\/wp-json\/wp\/v2\/pages\/2729"}],"wp:attachment":[{"href":"https:\/\/iiclubiana.esteri.it\/sl\/wp-json\/wp\/v2\/media?parent=5217"}],"curies":[{"name":"wp","href":"https:\/\/api.w.org\/{rel}","templated":true}]}}