{"id":3530,"date":"2024-05-16T15:49:58","date_gmt":"2024-05-16T13:49:58","guid":{"rendered":"https:\/\/iiclubiana.esteri.it\/lingua-e-cultura\/borse-di-studio\/borse-di-studio-offerte-dal-governo-italiano-a-studenti-stranieri-e-italiani-residenti-allestero-ire\/"},"modified":"2026-03-12T15:43:40","modified_gmt":"2026-03-12T14:43:40","slug":"borse-di-studio-offerte-dal-governo-italiano-a-studenti-stranieri-e-italiani-residenti-allestero-ire","status":"publish","type":"page","link":"https:\/\/iiclubiana.esteri.it\/sl\/lingua-e-cultura\/borse-di-studio\/borse-di-studio-offerte-dal-governo-italiano-a-studenti-stranieri-e-italiani-residenti-allestero-ire\/","title":{"rendered":"\u0160tipendije italijanske vlade za tuje \u0161tudente in Italijane \u017eive\u010de na tujem (IRE)"},"content":{"rendered":"<p>Italijansko Ministrstvo za zunanje zadeve in mednarodno sodelovanje (<strong>MAECI<\/strong>) za \u0161olsko leto 2026-2027 ponuja \u0161tipendije za tuje \u0161tudente in Italijane \u017eive\u010de na tujem (IRE).<\/p>\n<p>Z njimi \u017eeli spodbujati sodelovanje na kulturnem, znanstvenem in tehnolo\u0161kem podro\u010dju, projicirati italijanski ekonomski sistem v svetu ter \u0161iriti poznavanje italijanskega jezika in kulture.<\/p>\n<p>\u0160tipendije krijejo izklju\u010dno \u0161tudij v Italiji.<\/p>\n<p>Razpis <a href=\"https:\/\/iiclubiana.esteri.it\/wp-content\/uploads\/2026\/03\/Bando-26-27-ITA.pdf\">Bando 26-27 ITA<\/a>, <a href=\"https:\/\/iiclubiana.esteri.it\/wp-content\/uploads\/2026\/03\/Bando-26-27-ENG.pdf\">Bando 26-27 ENG<\/a> in seznam dr\u017eav prejemnic najdete na slede\u010di povezavi: <a href=\"https:\/\/studyinitaly.esteri.it\/ListaBandi\">https:\/\/studyinitaly.esteri.it\/ListaBandi<\/a><\/p>\n<p>Kandidati vloge oddajo izklju\u010dno preko portala <a href=\"https:\/\/studyinitaly.esteri.it\/\"><strong>Portale \u201cStudy in Italy<\/strong><\/a><strong>\u201d<\/strong><\/p>\n<p>Rok za oddajo spletnih vlog je <strong>26. marec 2026 do<\/strong> <strong>14.00 (po italijanskem \u010dasu)<\/strong><strong>.<\/strong><\/p>\n<p>&nbsp;<\/p>\n","protected":false},"excerpt":{"rendered":"Italijansko Ministrstvo za zunanje zadeve in mednarodno sodelovanje (MAECI) za \u0161olsko leto 2026-2027 ponuja \u0161tipendije za tuje \u0161tudente in Italijane \u017eive\u010de na tujem (IRE). Z njimi \u017eeli spodbujati sodelovanje na kulturnem, znanstvenem in tehnolo\u0161kem podro\u010dju, projicirati italijanski ekonomski sistem v svetu ter \u0161iriti poznavanje italijanskega jezika in kulture. \u0160tipendije krijejo izklju\u010dno \u0161tudij v Italiji. Razpis [&hellip;]","protected":false},"author":7,"featured_media":6023,"parent":102,"menu_order":0,"comment_status":"closed","ping_status":"closed","template":"","meta":{"footnotes":""},"class_list":["post-3530","page","type-page","status-publish","has-post-thumbnail","hentry"],"_links":{"self":[{"href":"https:\/\/iiclubiana.esteri.it\/sl\/wp-json\/wp\/v2\/pages\/3530","targetHints":{"allow":["GET"]}}],"collection":[{"href":"https:\/\/iiclubiana.esteri.it\/sl\/wp-json\/wp\/v2\/pages"}],"about":[{"href":"https:\/\/iiclubiana.esteri.it\/sl\/wp-json\/wp\/v2\/types\/page"}],"author":[{"embeddable":true,"href":"https:\/\/iiclubiana.esteri.it\/sl\/wp-json\/wp\/v2\/users\/7"}],"replies":[{"embeddable":true,"href":"https:\/\/iiclubiana.esteri.it\/sl\/wp-json\/wp\/v2\/comments?post=3530"}],"version-history":[{"count":7,"href":"https:\/\/iiclubiana.esteri.it\/sl\/wp-json\/wp\/v2\/pages\/3530\/revisions"}],"predecessor-version":[{"id":6036,"href":"https:\/\/iiclubiana.esteri.it\/sl\/wp-json\/wp\/v2\/pages\/3530\/revisions\/6036"}],"up":[{"embeddable":true,"href":"https:\/\/iiclubiana.esteri.it\/sl\/wp-json\/wp\/v2\/pages\/102"}],"wp:featuredmedia":[{"embeddable":true,"href":"https:\/\/iiclubiana.esteri.it\/sl\/wp-json\/wp\/v2\/media\/6023"}],"wp:attachment":[{"href":"https:\/\/iiclubiana.esteri.it\/sl\/wp-json\/wp\/v2\/media?parent=3530"}],"curies":[{"name":"wp","href":"https:\/\/api.w.org\/{rel}","templated":true}]}}