{"id":2787,"date":"2023-12-13T17:12:35","date_gmt":"2023-12-13T16:12:35","guid":{"rendered":"https:\/\/iiclubiana.esteri.it\/?page_id=2787"},"modified":"2026-03-02T14:55:55","modified_gmt":"2026-03-02T13:55:55","slug":"izpiti-in-potrdila","status":"publish","type":"page","link":"https:\/\/iiclubiana.esteri.it\/sl\/lingua-e-cultura\/certificazioni\/izpiti-in-potrdila\/","title":{"rendered":"Izpiti in potrdila"},"content":{"rendered":"<p><strong>CELI \u2013 Certifikat o poznavanju italijanskega jezika<\/strong><\/p>\n<p>Na Italijanskem in\u0161titutu za kulturo v Ljubljani lahko opravljate izpite za pridobitev certifikata\u00a0<strong>CELI \u2013 Certifikata o znanju italijanskega jezika<\/strong> \u2013\u00a0ki ga izdaja univerza Universit\u00e0 per Stranieri di Perugia.<\/p>\n<p>Za podrobnej\u0161e informacije o certifikatu CELI in stopnjah jezikovnega znanja\u00a0<a href=\"https:\/\/cvcl.unistrapg.it\/\">kliknite tukaj<\/a>, kjer lahko tudi najdete dva izpita s prej\u0161njih rokov za vsako stopnjo.<a href=\"http:\/\/www.cvcl.it\/categorie\/categoria-14\"><br \/>\n<\/a>Za dostop do besedil z vajami, s katerimi se lahko pripravljate na izpit,\u00a0<a href=\"https:\/\/cvcl.unistrapg.it\/pagine\/esami-celi-generici\">kliknite tukaj<\/a>.<\/p>\n<p><strong>Naslednji izpitni roki<\/strong>:<\/p>\n<p>9. junij 2026 (vse stopnje CELI)<\/p>\n<p>11. november 2026 (vse stopnje CELI)<\/p>\n<p>Kdor bi izpit rad opravljal v\u00a0<strong>junijskem roku<\/strong>, mora poslati prijavo, tako da\u00a0<strong>izpolni\u00a0<\/strong><a href=\"https:\/\/iiclubiana.esteri.it\/wp-content\/uploads\/2024\/04\/celi-scheda-iscrizione.pdf\"><strong>VPISNI OBRAZEC<\/strong><\/a> in ga v celoti izpolnjenega (navedite kontaktno \u0161tevilko) do <strong>28. aprila 2026<\/strong>\u00a0po\u0161lje po po\u0161ti, ali elektronski po\u0161ti (skeniranega) na:<\/p>\n<p><strong>Italijanski in\u0161titut za kulturo<\/strong><br \/>\n<strong>Izpiti CELI<\/strong><br \/>\n<strong>Breg 12<\/strong><br \/>\n<strong>1000 Ljubljana\u00a0 \u00a0 \u00a0 \u00a0 \u00a0 \u00a0 \u00a0 \u00a0 \u00a0 \u00a0 e-mail:<\/strong>\u00a0<a href=\"mailto:lubiana.lettore@esteri.it\">lubiana.lettore@esteri.it<\/a><\/p>\n<p><strong>Cena izpita je 110,00 \u20ac<\/strong>*.<\/p>\n<p>(*):\u00a0<em>Znesek je sestavljen iz 80 \u20ac prijavnine v dobro Univerze za tujce v Perugi in iz 30 \u20ac stro\u0161kov za izvedbo izpita na sede\u017eu In\u0161tituta.<\/em><br \/>\nZnesek morate poravnati najkasneje do <strong>28. aprila 2026<\/strong>\u00a0na TRR In\u0161tituta pri Banki Intesa Sanpaolo:\u00a0<strong>SI56 1010 0004 6110 303<\/strong>.<\/p>\n<p><strong>Kandidati, ki so \u017ee opravljali izpit CELI<\/strong>, a so uspe\u0161no opravili le pisni ali ustni del,\u00a0<strong>lahko ponavljajo neuspe\u0161no opravljeni del izpita v roku enega leta<\/strong>. V tem primeru je <strong>cena izpita 80 \u20ac<\/strong>.<\/p>\n<p>Stro\u0161ki vpisa niso povra\u010dljivi. Le v izrednih primerih in ob predlo\u017eitvi ustrezne dokumentacije (zdravstveni razlogi, resni dru\u017einski problemi, neodlo\u017eljive \u0161tudijske obveznosti) se lahko z odobritvijo centra Centro per la Valutazione e la Certificazione Linguistica dell&#8217;Universit\u00e0 per Stranieri di Perugia vpla\u010dani znesek prenese na naslednji izpitni rok.<\/p>\n<p><strong>Za vpis in informacije pi\u0161ite na\u00a0<\/strong><a href=\"mailto:lubiana.lettore@esteri.it\"><strong>lubiana.lettore@esteri.it<\/strong><\/a><strong>\u00a0ali pokli\u010dite tel. 01 241 56 46.<\/strong><br \/>\nZa podrobnej\u0161e informacije si preberite\u00a0<a href=\"https:\/\/iiclubiana.esteri.it\/wp-content\/uploads\/2025\/04\/regolamento-esami-celi_pubblica.pdf\">Pravilnik o izpitih CELI<\/a>.<\/p>\n","protected":false},"excerpt":{"rendered":"CELI \u2013 Certifikat o poznavanju italijanskega jezika Na Italijanskem in\u0161titutu za kulturo v Ljubljani lahko opravljate izpite za pridobitev certifikata\u00a0CELI \u2013 Certifikata o znanju italijanskega jezika \u2013\u00a0ki ga izdaja univerza Universit\u00e0 per Stranieri di Perugia. Za podrobnej\u0161e informacije o certifikatu CELI in stopnjah jezikovnega znanja\u00a0kliknite tukaj, kjer lahko tudi najdete dva izpita s prej\u0161njih rokov [&hellip;]","protected":false},"author":6,"featured_media":0,"parent":103,"menu_order":0,"comment_status":"closed","ping_status":"closed","template":"","meta":{"footnotes":""},"class_list":["post-2787","page","type-page","status-publish","hentry"],"_links":{"self":[{"href":"https:\/\/iiclubiana.esteri.it\/sl\/wp-json\/wp\/v2\/pages\/2787","targetHints":{"allow":["GET"]}}],"collection":[{"href":"https:\/\/iiclubiana.esteri.it\/sl\/wp-json\/wp\/v2\/pages"}],"about":[{"href":"https:\/\/iiclubiana.esteri.it\/sl\/wp-json\/wp\/v2\/types\/page"}],"author":[{"embeddable":true,"href":"https:\/\/iiclubiana.esteri.it\/sl\/wp-json\/wp\/v2\/users\/6"}],"replies":[{"embeddable":true,"href":"https:\/\/iiclubiana.esteri.it\/sl\/wp-json\/wp\/v2\/comments?post=2787"}],"version-history":[{"count":6,"href":"https:\/\/iiclubiana.esteri.it\/sl\/wp-json\/wp\/v2\/pages\/2787\/revisions"}],"predecessor-version":[{"id":5987,"href":"https:\/\/iiclubiana.esteri.it\/sl\/wp-json\/wp\/v2\/pages\/2787\/revisions\/5987"}],"up":[{"embeddable":true,"href":"https:\/\/iiclubiana.esteri.it\/sl\/wp-json\/wp\/v2\/pages\/103"}],"wp:attachment":[{"href":"https:\/\/iiclubiana.esteri.it\/sl\/wp-json\/wp\/v2\/media?parent=2787"}],"curies":[{"name":"wp","href":"https:\/\/api.w.org\/{rel}","templated":true}]}}