{"id":2729,"date":"2023-12-13T15:55:33","date_gmt":"2023-12-13T14:55:33","guid":{"rendered":"https:\/\/iiclubiana.esteri.it\/?page_id=2729"},"modified":"2025-08-06T10:27:04","modified_gmt":"2025-08-06T08:27:04","slug":"kako-se-vpisemo","status":"publish","type":"page","link":"https:\/\/iiclubiana.esteri.it\/sl\/lingua-e-cultura\/i-corsi-di-lingua\/kako-se-vpisemo\/","title":{"rendered":"Kako se vpi\u0161emo"},"content":{"rendered":"<div>\n<p>&nbsp;<\/p>\n<p><a href=\"https:\/\/iiclubiana.esteri.it\/sl\/lingua-e-cultura\/i-corsi-di-lingua\/kako-se-vpisemo\/urnik-in-cene\/\">URNIK IN CENE<\/a>\u00a0 \u00a0 \u00a0 \u00a0 <a href=\"https:\/\/iiclubiana.esteri.it\/sl\/lingua-e-cultura\/i-corsi-di-lingua\/kako-se-vpisemo\/vpisi\/\">VPIS<\/a><\/p>\n<p><em><strong>Vas zanima italijanska kultura? <\/strong><\/em><br \/>\n<strong>Potem je u\u010denje na IIC-ju idealna izbira!<\/strong><\/p>\n<p>Na\u0161i te\u010daji spodbujajo aktivno u\u010denje jezika in\u00a0 spoznavanje kulture ter odprt dialog med te\u010dajniki in predavatelji. Na na\u0161ih te\u010dajih se bo va\u0161e poznavanje italijanske kulture in umetnosti zelo poglobilo. Te\u010daji so po zahtevnosti razdeljeni na stopnje v skladu s Skupnim evropskim referen\u010dnim okvirom za jezike (Common Framework for Languages, European Language Portfolio). Poznavanje jezika ocenimo na podlagi uvrstitvenega testa.<\/p>\n<p>Obseg stopenj <strong>A1<\/strong> in <strong>A2<\/strong> je <strong>60 \u0161olskih ur<\/strong>, obseg stopnje <strong>B1<\/strong> je <strong>90 \u0161olskih ur<\/strong>, medtem ko je obseg stopenj <strong>B2<\/strong>, <strong>C1<\/strong> in <strong>C2<\/strong> <strong>120 \u0161olskih ur<\/strong>.<\/p>\n<\/div>\n<p>Na koncu vsake stopnje je predviden izpit za dostop do naslednje stopnje; v vsakem primeru je za to obvezna minimalna prisotnost 60% u\u010dnih ur.<\/p>\n<p><strong>Maksimalno \u0161tevilo<\/strong> udele\u017eencev posameznega te\u010daja je <strong>10<\/strong> oseb, <strong>minimalno \u0161tevilo<\/strong> za izvedbo te\u010daja pa <strong>4<\/strong> osebe.<\/p>\n<div>\n<p>&nbsp;<\/p>\n<\/div>\n<div><\/div>\n","protected":false},"excerpt":{"rendered":"&nbsp; URNIK IN CENE\u00a0 \u00a0 \u00a0 \u00a0 VPIS Vas zanima italijanska kultura? Potem je u\u010denje na IIC-ju idealna izbira! Na\u0161i te\u010daji spodbujajo aktivno u\u010denje jezika in\u00a0 spoznavanje kulture ter odprt dialog med te\u010dajniki in predavatelji. Na na\u0161ih te\u010dajih se bo va\u0161e poznavanje italijanske kulture in umetnosti zelo poglobilo. Te\u010daji so po zahtevnosti razdeljeni na stopnje [&hellip;]","protected":false},"author":6,"featured_media":0,"parent":101,"menu_order":0,"comment_status":"closed","ping_status":"closed","template":"","meta":{"footnotes":""},"class_list":["post-2729","page","type-page","status-publish","hentry"],"_links":{"self":[{"href":"https:\/\/iiclubiana.esteri.it\/sl\/wp-json\/wp\/v2\/pages\/2729","targetHints":{"allow":["GET"]}}],"collection":[{"href":"https:\/\/iiclubiana.esteri.it\/sl\/wp-json\/wp\/v2\/pages"}],"about":[{"href":"https:\/\/iiclubiana.esteri.it\/sl\/wp-json\/wp\/v2\/types\/page"}],"author":[{"embeddable":true,"href":"https:\/\/iiclubiana.esteri.it\/sl\/wp-json\/wp\/v2\/users\/6"}],"replies":[{"embeddable":true,"href":"https:\/\/iiclubiana.esteri.it\/sl\/wp-json\/wp\/v2\/comments?post=2729"}],"version-history":[{"count":7,"href":"https:\/\/iiclubiana.esteri.it\/sl\/wp-json\/wp\/v2\/pages\/2729\/revisions"}],"predecessor-version":[{"id":5257,"href":"https:\/\/iiclubiana.esteri.it\/sl\/wp-json\/wp\/v2\/pages\/2729\/revisions\/5257"}],"up":[{"embeddable":true,"href":"https:\/\/iiclubiana.esteri.it\/sl\/wp-json\/wp\/v2\/pages\/101"}],"wp:attachment":[{"href":"https:\/\/iiclubiana.esteri.it\/sl\/wp-json\/wp\/v2\/media?parent=2729"}],"curies":[{"name":"wp","href":"https:\/\/api.w.org\/{rel}","templated":true}]}}