{"id":106,"date":"2023-04-03T20:57:00","date_gmt":"2023-04-03T18:57:00","guid":{"rendered":"https:\/\/iiclubiana.esteri.it\/lingua-e-cultura\/premi-alla-traduzione\/"},"modified":"2026-02-24T16:29:21","modified_gmt":"2026-02-24T15:29:21","slug":"premi-alla-traduzione","status":"publish","type":"page","link":"https:\/\/iiclubiana.esteri.it\/sl\/lingua-e-cultura\/premi-alla-traduzione\/","title":{"rendered":"Prevajalske nagrade"},"content":{"rendered":"<p style=\"text-align: right;\">24. 02. 2026<\/p>\n<p><strong>SOFINANCIRANJE PREVODOV IZ ITALIJANSKEGA JEZIKA\u00a0<\/strong><\/p>\n<p>Italijansko Ministrstvo za zunanje zadeve in mednarodno sodelovanje je objavilo razpis za prevajanje literarnih in znanstvenih del ter produkcijo, sinhronizacijo in podnaslavljanje kratkih in celove\u010dernih filmov ter televizijskih serij za mno\u017ei\u010dne medije.<\/p>\n<ol>\n<li><strong>Razpis (<a href=\"https:\/\/iiclubiana.esteri.it\/wp-content\/uploads\/2026\/02\/ITA_2026-Bando-Premi-e-Contributi.pdf\">ITA_2026 Bando Premi e Contributi<\/a>, <a href=\"https:\/\/iiclubiana.esteri.it\/wp-content\/uploads\/2026\/02\/ENG-2026-Bando-Premi-e-Contributi.pdf\">ENG 2026 Bando Premi e Contributi<\/a>) za subvencije za prevode iz italijanskega jezika (povzetek)<\/strong><\/li>\n<\/ol>\n<p>2. <a href=\"https:\/\/iiclubiana.esteri.it\/wp-content\/uploads\/2026\/02\/2026-modulo-di-domanda-IT-EN-ESP_RICHIEDENTE.docx\">VLOGA &#8211; modulo di domanda IT-EN-ESP_RICHIEDENTE<\/a> (obrazec v italijanskem, \u0161panskem in angle\u0161kem jeziku)<\/p>\n<p>3. <strong>Oddaja<\/strong>:\u00a0 vlogo osebno ali po priporo\u010deni po\u0161ti oddate na naslov:<br \/>\nItalijanski in\u0161titut za kulturo<br \/>\nBreg 12<br \/>\nSI \u2013 1000 Ljubljana<\/p>\n<p>4. <strong>Rok<\/strong> za oddajo je <strong>31. marec 2026<\/strong>.<\/p>\n<p>5. Celoten razpis: <a href=\"https:\/\/iiclubiana.esteri.it\/sl\/lingua-e-cultura\/premi-alla-traduzione\/\">https:\/\/iiclubiana.esteri.it\/it\/lingua-e-cultura\/premi-alla-traduzione\/<\/a><\/p>\n<p>&nbsp;<\/p>\n","protected":false},"excerpt":{"rendered":"24. 02. 2026 SOFINANCIRANJE PREVODOV IZ ITALIJANSKEGA JEZIKA\u00a0 Italijansko Ministrstvo za zunanje zadeve in mednarodno sodelovanje je objavilo razpis za prevajanje literarnih in znanstvenih del ter produkcijo, sinhronizacijo in podnaslavljanje kratkih in celove\u010dernih filmov ter televizijskih serij za mno\u017ei\u010dne medije. Razpis (ITA_2026 Bando Premi e Contributi, ENG 2026 Bando Premi e Contributi) za subvencije za [&hellip;]","protected":false},"author":1,"featured_media":0,"parent":100,"menu_order":12,"comment_status":"closed","ping_status":"closed","template":"","meta":{"footnotes":""},"class_list":["post-106","page","type-page","status-publish","hentry"],"_links":{"self":[{"href":"https:\/\/iiclubiana.esteri.it\/sl\/wp-json\/wp\/v2\/pages\/106","targetHints":{"allow":["GET"]}}],"collection":[{"href":"https:\/\/iiclubiana.esteri.it\/sl\/wp-json\/wp\/v2\/pages"}],"about":[{"href":"https:\/\/iiclubiana.esteri.it\/sl\/wp-json\/wp\/v2\/types\/page"}],"author":[{"embeddable":true,"href":"https:\/\/iiclubiana.esteri.it\/sl\/wp-json\/wp\/v2\/users\/1"}],"replies":[{"embeddable":true,"href":"https:\/\/iiclubiana.esteri.it\/sl\/wp-json\/wp\/v2\/comments?post=106"}],"version-history":[{"count":6,"href":"https:\/\/iiclubiana.esteri.it\/sl\/wp-json\/wp\/v2\/pages\/106\/revisions"}],"predecessor-version":[{"id":5910,"href":"https:\/\/iiclubiana.esteri.it\/sl\/wp-json\/wp\/v2\/pages\/106\/revisions\/5910"}],"up":[{"embeddable":true,"href":"https:\/\/iiclubiana.esteri.it\/sl\/wp-json\/wp\/v2\/pages\/100"}],"wp:attachment":[{"href":"https:\/\/iiclubiana.esteri.it\/sl\/wp-json\/wp\/v2\/media?parent=106"}],"curies":[{"name":"wp","href":"https:\/\/api.w.org\/{rel}","templated":true}]}}