{"id":105,"date":"2023-04-03T20:56:47","date_gmt":"2023-04-03T18:56:47","guid":{"rendered":"https:\/\/iiclubiana.esteri.it\/lingua-e-cultura\/biblioteca\/"},"modified":"2023-12-14T12:09:18","modified_gmt":"2023-12-14T11:09:18","slug":"biblioteca","status":"publish","type":"page","link":"https:\/\/iiclubiana.esteri.it\/sl\/lingua-e-cultura\/biblioteca\/","title":{"rendered":"Knji\u017enica"},"content":{"rendered":"<p><strong>Knji\u017enica In\u0161tituta<\/strong><\/p>\n<p>Knji\u017enica Italijanskega in\u0161tituta za kulturo je odprta <strong>izklju\u010dno za potrebe izposoje in izrecno po predhodnem dogovoru<\/strong>.<\/p>\n<p>Trenutno so na razpolago naslednje storitve:<\/p>\n<p>&#8211; rezervacija gradiva iz knji\u017enice (knjige, CD, DVD)<\/p>\n<p>&#8211; prevzem naro\u010denega gradiva<\/p>\n<p>&#8211; vra\u010dilo izposojenega gradiva<\/p>\n<p>&#8211; v\u010dlanitev v knji\u017enico<\/p>\n<p>&#8211; podalj\u0161anje \u010dlanstva<\/p>\n<p>Pred obiskom knji\u017enice je \u017eeleno gradivo potrebno rezervirati preko elektronske po\u0161te na naslov <strong><a href=\"mailto:biblioteca.iiclubiana@esteri.it\">biblioteca.iiclubiana@esteri.it<\/a><\/strong>. Uporabnike storitve napro\u0161amo, da ne prihajajo v knji\u017enico, \u010de se niso predhodno najavili preko zgoraj podane elektronske po\u0161te, saj jih ne bomo mogli sprejeti.<\/p>\n<p>Katalog je v celoti na ogled na spletu na slede\u010dem naslovu:\u00a0<a href=\"https:\/\/clmr.infoteca.it\/bw5ne2\/Opac.aspx?WEB=ICLU&amp;SRC=SBAS\" target=\"_blank\" rel=\"noopener\"><strong>https:\/\/clmr.infoteca.it\/bw5ne2\/Opac.aspx?WEB=ICLU&amp;SRC=SBAS<\/strong><\/a><\/p>\n<p>&nbsp;<\/p>\n<hr \/>\n<p>&nbsp;<\/p>\n<p><em>Nobena knjiga ni tako slaba, da nas vsaj kak\u0161en del\u010dek v njej ne bi navdihnil.<\/em><\/p>\n<p><strong>Plinio il Vecchio<\/strong> (Plinio il Giovane, <em>Epistulae<\/em>)<\/p>\n<p>&nbsp;<\/p>\n<p>Italijanski in\u0161titut za kulturo ima lastno knji\u017enico z ve\u010d kot 10.000 knjigami, videoteko, ki obsega preko 1.400 filmov ter bogato zbirko glasbenih zgo\u0161\u010denk, revij ter dnevnih italijanskih in slovenskih \u010dasopisov.<\/p>\n<ul>\n<li>Knjige so v glavnem posve\u010dene italijanski knji\u017eevnosti. Najdete pa lahko tudi dela z naslednjih podro\u010dij: umetnost, zgodovina, film, geografija, jezikoslovje in seveda tudi dela o odnosih med Italijo in Slovenijo.<\/li>\n<li>Velik del gradiva videoteke zadeva italijanski film, vse od klasi\u010dnih do sodobnih italijanskih filmov. Na voljo so tudi dokumentarci o zgodovini Italije in o razli\u010dnih italijanskih de\u017eelah ter posnetki opernih in gledali\u0161kih predstav.<\/li>\n<li>Najmlaj\u0161i lahko najdejo razli\u010dne risanke in pravljice.<\/li>\n<li>V knji\u017enici najdete tudi razli\u010dne \u010dasopise in revije.<\/li>\n<\/ul>\n<p>S pridobitvijo novih publikacij, gradiva poslanega s strani italijanskega Ministrstva za zunanje zadeve in mednarodno sodelovanje in Ministrstva za kulturo, brezpla\u010dnih izvodov zalo\u017eb in zasebnih donacij, se knji\u017enica neprestano dopolnjuje.<\/p>\n<p>Za doma\u010de branje se lahko uporabniki poslu\u017eujejo izposoje namenjene \u010dlanom in te\u010dajnikom In\u0161tituta. Rok za izposojo knjig je\u00a0en mesec, za\u00a0DVD-je pa\u00a0en teden, podalj\u0161ate ga lahko najve\u010d dvakrat po telefonu ali preko e-maila (<a href=\"mailto:biblioteca.iiclubiana@esteri.it\">biblioteca.iiclubiana@esteri.it<\/a>).<br \/>\n<a href=\"https:\/\/flaviop37.sg-host.com\/iicmanager\/sedi_resource_iic\/2015\/12\/145583_f_iic51REGOLAMENTOBIBLIOTECA_slo.pdf\"><br \/>\n<\/a>Urnik:\u00a0po predhodni najavi\u00a0(<a href=\"mailto:biblioteca.iiclubiana@esteri.it\">biblioteca.iiclubiana@esteri.it<\/a>)<\/p>\n","protected":false},"excerpt":{"rendered":"Knji\u017enica In\u0161tituta Knji\u017enica Italijanskega in\u0161tituta za kulturo je odprta izklju\u010dno za potrebe izposoje in izrecno po predhodnem dogovoru. Trenutno so na razpolago naslednje storitve: &#8211; rezervacija gradiva iz knji\u017enice (knjige, CD, DVD) &#8211; prevzem naro\u010denega gradiva &#8211; vra\u010dilo izposojenega gradiva &#8211; v\u010dlanitev v knji\u017enico &#8211; podalj\u0161anje \u010dlanstva Pred obiskom knji\u017enice je \u017eeleno gradivo potrebno rezervirati [&hellip;]","protected":false},"author":1,"featured_media":0,"parent":100,"menu_order":10,"comment_status":"closed","ping_status":"closed","template":"","meta":{"footnotes":""},"class_list":["post-105","page","type-page","status-publish","hentry"],"_links":{"self":[{"href":"https:\/\/iiclubiana.esteri.it\/sl\/wp-json\/wp\/v2\/pages\/105","targetHints":{"allow":["GET"]}}],"collection":[{"href":"https:\/\/iiclubiana.esteri.it\/sl\/wp-json\/wp\/v2\/pages"}],"about":[{"href":"https:\/\/iiclubiana.esteri.it\/sl\/wp-json\/wp\/v2\/types\/page"}],"author":[{"embeddable":true,"href":"https:\/\/iiclubiana.esteri.it\/sl\/wp-json\/wp\/v2\/users\/1"}],"replies":[{"embeddable":true,"href":"https:\/\/iiclubiana.esteri.it\/sl\/wp-json\/wp\/v2\/comments?post=105"}],"version-history":[{"count":4,"href":"https:\/\/iiclubiana.esteri.it\/sl\/wp-json\/wp\/v2\/pages\/105\/revisions"}],"predecessor-version":[{"id":2791,"href":"https:\/\/iiclubiana.esteri.it\/sl\/wp-json\/wp\/v2\/pages\/105\/revisions\/2791"}],"up":[{"embeddable":true,"href":"https:\/\/iiclubiana.esteri.it\/sl\/wp-json\/wp\/v2\/pages\/100"}],"wp:attachment":[{"href":"https:\/\/iiclubiana.esteri.it\/sl\/wp-json\/wp\/v2\/media?parent=105"}],"curies":[{"name":"wp","href":"https:\/\/api.w.org\/{rel}","templated":true}]}}