{"id":104,"date":"2023-04-03T20:56:23","date_gmt":"2023-04-03T18:56:23","guid":{"rendered":"https:\/\/iiclubiana.esteri.it\/lingua-e-cultura\/studiare-in-italia\/"},"modified":"2023-12-14T12:48:49","modified_gmt":"2023-12-14T11:48:49","slug":"studiare-in-italia","status":"publish","type":"page","link":"https:\/\/iiclubiana.esteri.it\/sl\/lingua-e-cultura\/studiare-in-italia\/","title":{"rendered":"\u0160tudij v Italiji"},"content":{"rendered":"<p class=\"titoloNotizia\"><span class=\"titoloRosso\">UNIVERZE<\/span><\/p>\n<p>Splo\u0161ne informacije o organizaciji in delovanjo italijanskih Univerz se nahajajo na spletni strani\u00a0<a href=\"http:\/\/www.istruzione.it\/\" target=\"_blank\" rel=\"noopener\">Ministero dell\u2019Istruzione dell\u2019Universit\u00e0 e della Ricerca<\/a> (MIUR) (Ministrstvo za \u0161olstvo in \u0161port)<\/p>\n<p><span class=\"titoloNotizia\">\u0160tevilo in vrste univerz<br \/>\n<\/span><br \/>\nPopoln seznam univerz najdete na naslednih straneh<\/p>\n<ul>\n<li><a href=\"http:\/\/www3.unibo.it\/infostud-altreuni\/eurouni\/itauni\/italia.htm\" target=\"_blank\" rel=\"noopener\">La mappa temaitica\u00a0offerta dall&#8217;Universit\u00e0 di\u00a0Bologna<\/a><\/li>\n<li><a href=\"http:\/\/www.crui.it\/link\/?ID=566\" target=\"_blank\" rel=\"noopener\">La pagina dedicata della CRUI <\/a>(Conferenza dei Rettori delle Universit\u00e0 Italiane)<\/li>\n<\/ul>\n<p><span class=\"titoloNotizia\">Vpis tujih \u0161tudentov<\/p>\n<p><\/span>Tuji \u0161tudenti, ki \u017eelijo \u0161tudirati na italijanskih univerzah, najdejo koristne informacije v zvezi\u00a0z mesti, ki so jim namenjena,\u00a0<a href=\"http:\/\/sito.cineca.it\/\" target=\"_blank\" rel=\"noopener\">na spletni strani Cineca <\/a>in\u00a0<a href=\"http:\/\/www.istruzione.it\/\" target=\"_blank\" rel=\"noopener\">na spletni strani MIUR<\/a>.<span class=\"titoloRosso\"><br \/>\n<\/span><\/p>\n<h5><a href=\"http:\/\/www.crui.it\/HomePage.aspx?ref=2094\" target=\"_blank\" rel=\"noopener\">Internazionalizzazione degli atenei: l\u2019offerta didattica in lingua inglese A.A. 2011\/12<span class=\"titoloRosso\"><br \/>\n<\/span><\/a><span class=\"titoloRosso\"><br \/>\n\u0160OLE<\/span><\/h5>\n<p>Splo\u0161ne in podrobnej\u0161e informacije v zvezi z italijanskim \u0161olskim sistemom najdete na spletni strani\u00a0<a href=\"http:\/\/www.istruzione.it\/\">Ministero dell&#8217;Istruzione dell&#8217;Universit\u00e0 e della Ricerca<\/a> (MIUR).<\/p>\n<p><span class=\"titoloNotizia\"><span class=\"titoloRosso\">SEZNAM \u0160OL<\/span><br \/>\n<\/span><br \/>\nSeznam zajema vse vrste \u0161ol in ga lahko najdete na:<\/p>\n<p>&nbsp;<\/p>\n<ul>\n<li><a title=\"Dr\u017eavne \u0161ole\" href=\"http:\/\/www.istruzione.it\/anagrafica_scuole\/statali.shtml\" target=\"_blank\" rel=\"noopener\">Dr\u017eavne \u0161ole<\/a><\/li>\n<\/ul>\n<p>&nbsp;<\/p>\n<ul>\n<li><a title=\"Zasebne \u0161ole\" href=\"http:\/\/archivio.pubblica.istruzione.it\/anagrafica_scuole\/nonstatali.shtml\" target=\"_blank\" rel=\"noopener\">Zasebne \u0161ole<\/a><\/li>\n<\/ul>\n<p><span class=\"titoloRosso\">AKADEMIJE ZA GLASBO IN LIKOVNO UMETNOST<\/span><\/p>\n<p><a title=\"Celoten seznam\" href=\"http:\/\/www.miur.it\/0004Alta_F\/0027Istitu\/index_cf4.htm\" target=\"_blank\" rel=\"noopener\">Celoten seznam akademij za glasbo, konservatorijev in akademij za likovno umetnost<\/a><\/p>\n<p><span class=\"titoloRosso\">POSTATI U\u010cITELJ ITALIJANSKEGA JEZIKA KOT TUJ JEZIK<\/span><\/p>\n<ul>\n<li><a href=\"http:\/\/venus.unive.it\/italslab\/index.php\" target=\"_blank\" rel=\"noopener\">Progetto ITALS <\/a>&#8211; Dipartimento di Scienze del Linguaggio dell&#8217;Universit\u00e0 Ca&#8217; Foscari di Venezia<\/li>\n<li><a href=\"http:\/\/ditals.com\/\" target=\"_blank\" rel=\"noopener\">DITALS <\/a>&#8211; Certificazione di competenza in didattica dell&#8217;italiano a stranieri &#8211; Universit\u00e0 per Stranieri di Siena<\/li>\n<li><\/li>\n<li><a href=\"http:\/\/www.unistrapg.it\/laurea-insegnamento-della-lingua-e-della-cultura-italiana-stranieri-50999\" target=\"_blank\" rel=\"noopener\">Laurea in insegnamento della lingua e della cultura italiana a stranieri<\/a> &#8211; Universit\u00e0 per Stranieri di Perugia<\/li>\n<\/ul>\n","protected":false},"excerpt":{"rendered":"UNIVERZE Splo\u0161ne informacije o organizaciji in delovanjo italijanskih Univerz se nahajajo na spletni strani\u00a0Ministero dell\u2019Istruzione dell\u2019Universit\u00e0 e della Ricerca (MIUR) (Ministrstvo za \u0161olstvo in \u0161port) \u0160tevilo in vrste univerz Popoln seznam univerz najdete na naslednih straneh La mappa temaitica\u00a0offerta dall&#8217;Universit\u00e0 di\u00a0Bologna La pagina dedicata della CRUI (Conferenza dei Rettori delle Universit\u00e0 Italiane) Vpis tujih \u0161tudentov [&hellip;]","protected":false},"author":1,"featured_media":0,"parent":100,"menu_order":8,"comment_status":"closed","ping_status":"closed","template":"","meta":{"footnotes":""},"class_list":["post-104","page","type-page","status-publish","hentry"],"_links":{"self":[{"href":"https:\/\/iiclubiana.esteri.it\/sl\/wp-json\/wp\/v2\/pages\/104","targetHints":{"allow":["GET"]}}],"collection":[{"href":"https:\/\/iiclubiana.esteri.it\/sl\/wp-json\/wp\/v2\/pages"}],"about":[{"href":"https:\/\/iiclubiana.esteri.it\/sl\/wp-json\/wp\/v2\/types\/page"}],"author":[{"embeddable":true,"href":"https:\/\/iiclubiana.esteri.it\/sl\/wp-json\/wp\/v2\/users\/1"}],"replies":[{"embeddable":true,"href":"https:\/\/iiclubiana.esteri.it\/sl\/wp-json\/wp\/v2\/comments?post=104"}],"version-history":[{"count":2,"href":"https:\/\/iiclubiana.esteri.it\/sl\/wp-json\/wp\/v2\/pages\/104\/revisions"}],"predecessor-version":[{"id":2806,"href":"https:\/\/iiclubiana.esteri.it\/sl\/wp-json\/wp\/v2\/pages\/104\/revisions\/2806"}],"up":[{"embeddable":true,"href":"https:\/\/iiclubiana.esteri.it\/sl\/wp-json\/wp\/v2\/pages\/100"}],"wp:attachment":[{"href":"https:\/\/iiclubiana.esteri.it\/sl\/wp-json\/wp\/v2\/media?parent=104"}],"curies":[{"name":"wp","href":"https:\/\/api.w.org\/{rel}","templated":true}]}}