{"id":102,"date":"2023-04-03T20:55:55","date_gmt":"2023-04-03T18:55:55","guid":{"rendered":"https:\/\/iiclubiana.esteri.it\/lingua-e-cultura\/borse-di-studio\/"},"modified":"2026-03-04T09:57:44","modified_gmt":"2026-03-04T08:57:44","slug":"borse-di-studio","status":"publish","type":"page","link":"https:\/\/iiclubiana.esteri.it\/sl\/lingua-e-cultura\/borse-di-studio\/","title":{"rendered":"\u0160tipendije"},"content":{"rendered":"<p><span class=\"titoloRosso\">\u0160TIPENDIJE\u00a0<\/span><\/p>\n<p>Vsako leto na\u0161 In\u0161titut nudi UGODNOSTI (CELOTNE \u0160TIPENDIJE ALI POPUSTE) namenjene univerzitetnim \u0161tudentom in dijakom slovenskih srednjih \u0161ol (ki se u\u010dijo italijan\u0161\u010dino) za udele\u017ebo na te\u010daju italijanskega jezika in kulture v Italiji. Izbor \u0161tudentov poteka v sodelovanju z izvorno in\u0161titucijo kandidata.<\/p>\n<p>Dodatne informacije dobite na In\u0161titutu:<br \/>\nPisarna za \u0161tudente:<\/p>\n<p><a href=\"mailto:lubiana.lettore@esteri.it\">lubiana.lettore@esteri.it\u00a0<\/a><br \/>\nZa termin je potrebna predhodna najava preko elektronske po\u0161te.<\/p>\n<p><strong class=\"titoloCategoria\">Pisarna za \u0161tudente<br \/>\n<\/strong><\/p>\n<p><strong>torek 9h &#8211; 16h<br \/>\n<\/strong><strong>sreda 11.30 &#8211; 17.30<br \/>\n<\/strong><\/p>\n<p><a href=\"https:\/\/flaviop37.sg-host.com\/iic_lubiana\/resource\/doc\/2018\/07\/2018-07-04.pdf\">\u0160tipendije za te\u010daje jezika v Italiji<\/a><\/p>\n<p><a href=\"https:\/\/flaviop37.sg-host.com\/iicmanager\/sedi_resource_iic\/2013\/08\/116845_f_iic51questionariodimonitoraggio2013.pdf\" target=\"_blank\" rel=\"noopener\">Vpra\u0161alnik za koristnike \u0161tipendij<\/a><\/p>\n<p><span class=\"titoloNotizia\"><strong>Pri dodelitvi \u0161tipendij in popustov za te\u010daje italijanskega jezika in kulture v Italiji, ki jih ponujajo privatne \u0161ole in univerze, imajo prednost te\u010dajniki Italijanskega in\u0161tituta za kulturo v Sloveniji, \u0161tudenti Oddelka za romanistiko (italijanski jezik in knji\u017eevnost) ter Oddelka za prevajalstvo. <\/strong><\/span><\/p>\n<p><strong>Informacije v zvezi s \u0161tipendijami so na voljo v italijanskem\u00a0in\u00a0angle\u0161kem jeziku.<\/strong><\/p>\n<p>Italijanski in\u0161titut za kulturo ne prevzema nikakr\u0161ne odgovornosti glede kakovosti te\u010dajev in storitev, ki jih\u00a0nudijo \u0161ole, kjer\u00a0bodo te\u010dajniki unov\u010dili dodeljeno ugodnost.<\/p>\n","protected":false},"excerpt":{"rendered":"\u0160TIPENDIJE\u00a0 Vsako leto na\u0161 In\u0161titut nudi UGODNOSTI (CELOTNE \u0160TIPENDIJE ALI POPUSTE) namenjene univerzitetnim \u0161tudentom in dijakom slovenskih srednjih \u0161ol (ki se u\u010dijo italijan\u0161\u010dino) za udele\u017ebo na te\u010daju italijanskega jezika in kulture v Italiji. Izbor \u0161tudentov poteka v sodelovanju z izvorno in\u0161titucijo kandidata. Dodatne informacije dobite na In\u0161titutu: Pisarna za \u0161tudente: lubiana.lettore@esteri.it\u00a0 Za termin je potrebna [&hellip;]","protected":false},"author":1,"featured_media":0,"parent":100,"menu_order":2,"comment_status":"closed","ping_status":"closed","template":"","meta":{"footnotes":""},"class_list":["post-102","page","type-page","status-publish","hentry"],"_links":{"self":[{"href":"https:\/\/iiclubiana.esteri.it\/sl\/wp-json\/wp\/v2\/pages\/102","targetHints":{"allow":["GET"]}}],"collection":[{"href":"https:\/\/iiclubiana.esteri.it\/sl\/wp-json\/wp\/v2\/pages"}],"about":[{"href":"https:\/\/iiclubiana.esteri.it\/sl\/wp-json\/wp\/v2\/types\/page"}],"author":[{"embeddable":true,"href":"https:\/\/iiclubiana.esteri.it\/sl\/wp-json\/wp\/v2\/users\/1"}],"replies":[{"embeddable":true,"href":"https:\/\/iiclubiana.esteri.it\/sl\/wp-json\/wp\/v2\/comments?post=102"}],"version-history":[{"count":6,"href":"https:\/\/iiclubiana.esteri.it\/sl\/wp-json\/wp\/v2\/pages\/102\/revisions"}],"predecessor-version":[{"id":5995,"href":"https:\/\/iiclubiana.esteri.it\/sl\/wp-json\/wp\/v2\/pages\/102\/revisions\/5995"}],"up":[{"embeddable":true,"href":"https:\/\/iiclubiana.esteri.it\/sl\/wp-json\/wp\/v2\/pages\/100"}],"wp:attachment":[{"href":"https:\/\/iiclubiana.esteri.it\/sl\/wp-json\/wp\/v2\/media?parent=102"}],"curies":[{"name":"wp","href":"https:\/\/api.w.org\/{rel}","templated":true}]}}