{"id":101,"date":"2023-04-03T20:55:37","date_gmt":"2023-04-03T18:55:37","guid":{"rendered":"https:\/\/iiclubiana.esteri.it\/lingua-e-cultura\/i-corsi-di-lingua\/"},"modified":"2023-12-13T16:05:10","modified_gmt":"2023-12-13T15:05:10","slug":"i-corsi-di-lingua","status":"publish","type":"page","link":"https:\/\/iiclubiana.esteri.it\/sl\/lingua-e-cultura\/i-corsi-di-lingua\/","title":{"rendered":"Jezikovni te\u010daji"},"content":{"rendered":"<p>\u010ce ste popolni za\u010detniki ali izku\u0161eni govorci, vam na jezikovnih te\u010dajih lahko pomagamo, da boste postali samozavestni in ve\u0161\u010di uporabniki italijanskega jezika. Na te\u010dajih se lahko pripravite tudi za pridobitev mednarodnih certifikatov CELI peru\u0161ke univerze Universit\u00e0 per stranieri di Perugia. Na Italijanskem in\u0161titutu za kulturo v Sloveniji so te\u010daji osnovani v skladu s\u00a0<a href=\"https:\/\/europass.cedefop.europa.eu\/sl\/resources\/european-language-levels-cefr\" target=\"_blank\" rel=\"noopener\">Skupnim evropskim referen\u010dnim okvirjem<\/a>\u00a0(Common Framework for Languages, European Language Portfolio). Vsi na\u0161i predavatelji so rojeni govorci.<br \/>\nTe\u010dajnikom, ki \u017eelijo svoje znanje italijan\u0161\u010dine poglobiti na jezikovnih ustanovah v Italiji, nudimo tudi \u0161tipendije za jezikovne te\u010daje v Italiji.<\/p>\n<p>Nudimo tudi <strong>intenzivne te\u010daje, te\u010daje za otroke, pripravljalne te\u010daje in individualne ure<\/strong>.<br \/>\nZa informacije nas pokli\u010dite na tel. \u0161t. 01 241 56 40 ali pi\u0161ite na\u00a0<a href=\"mailto:tecaji.iiclubiana@gmail.com\">tecaji.iiclubiana@gmail.com<\/a><\/p>\n","protected":false},"excerpt":{"rendered":"\u010ce ste popolni za\u010detniki ali izku\u0161eni govorci, vam na jezikovnih te\u010dajih lahko pomagamo, da boste postali samozavestni in ve\u0161\u010di uporabniki italijanskega jezika. Na te\u010dajih se lahko pripravite tudi za pridobitev mednarodnih certifikatov CELI peru\u0161ke univerze Universit\u00e0 per stranieri di Perugia. Na Italijanskem in\u0161titutu za kulturo v Sloveniji so te\u010daji osnovani v skladu s\u00a0Skupnim evropskim referen\u010dnim [&hellip;]","protected":false},"author":1,"featured_media":0,"parent":100,"menu_order":0,"comment_status":"closed","ping_status":"closed","template":"","meta":{"footnotes":""},"class_list":["post-101","page","type-page","status-publish","hentry"],"_links":{"self":[{"href":"https:\/\/iiclubiana.esteri.it\/sl\/wp-json\/wp\/v2\/pages\/101","targetHints":{"allow":["GET"]}}],"collection":[{"href":"https:\/\/iiclubiana.esteri.it\/sl\/wp-json\/wp\/v2\/pages"}],"about":[{"href":"https:\/\/iiclubiana.esteri.it\/sl\/wp-json\/wp\/v2\/types\/page"}],"author":[{"embeddable":true,"href":"https:\/\/iiclubiana.esteri.it\/sl\/wp-json\/wp\/v2\/users\/1"}],"replies":[{"embeddable":true,"href":"https:\/\/iiclubiana.esteri.it\/sl\/wp-json\/wp\/v2\/comments?post=101"}],"version-history":[{"count":3,"href":"https:\/\/iiclubiana.esteri.it\/sl\/wp-json\/wp\/v2\/pages\/101\/revisions"}],"predecessor-version":[{"id":2758,"href":"https:\/\/iiclubiana.esteri.it\/sl\/wp-json\/wp\/v2\/pages\/101\/revisions\/2758"}],"up":[{"embeddable":true,"href":"https:\/\/iiclubiana.esteri.it\/sl\/wp-json\/wp\/v2\/pages\/100"}],"wp:attachment":[{"href":"https:\/\/iiclubiana.esteri.it\/sl\/wp-json\/wp\/v2\/media?parent=101"}],"curies":[{"name":"wp","href":"https:\/\/api.w.org\/{rel}","templated":true}]}}