{"id":100,"date":"2023-04-03T20:30:34","date_gmt":"2023-04-03T18:30:34","guid":{"rendered":"https:\/\/iiclubiana.esteri.it\/lingua-e-cultura\/"},"modified":"2023-12-13T16:16:49","modified_gmt":"2023-12-13T15:16:49","slug":"lingua-e-cultura","status":"publish","type":"page","link":"https:\/\/iiclubiana.esteri.it\/sl\/lingua-e-cultura\/","title":{"rendered":"Jezik in kultura"},"content":{"rendered":"<p>Vsako leto se <strong>500.000 <\/strong>\u0161tudentov odlo\u010di za te\u010daje italijanskega jezika izven Italije. v vseh dr\u017eavah sveta.<\/p>\n<p>Zakaj se tako odlo\u010dajo?<\/p>\n<p><strong>Italijanski jezik je jezik kulture<\/strong>: znanje italijanskega jezika pomeni imeti dostop do literature, ki ima izreden pomen za zgodovino Evrope; imeti dostop do pomembnih\u00a0humanisti\u010dnih in znanstvenih\u00a0tekstov, do gledali\u0161ke,\u00a0glasbene,\u00a0operne,\u00a0filmske in televizijske\u00a0produkcije.<\/p>\n<p><strong>Italijanski jezik je jezik \u0161tudija<\/strong>: velika \u0161tevilo \u0161tudentov se vsako leto odlo\u010di za obiskovanje na\u0161ih \u0161ol, na\u0161ih fakultet, na\u0161ih akademij, na\u0161ih knji\u017enic.<\/p>\n<p><strong>Italijanski jezik je jezik dela<\/strong>: mened\u017eerji, investitorji, tehniki, delavci.<\/p>\n<p><strong>Z znanjem italijanskega jezika<\/strong> postane obisk Italije, njenih gostoljubnih ljudi, mest umetnosti in \u010dudovite narave resni\u010dno zadovoljstvo.<\/p>\n","protected":false},"excerpt":{"rendered":"Vsako leto se 500.000 \u0161tudentov odlo\u010di za te\u010daje italijanskega jezika izven Italije. v vseh dr\u017eavah sveta. Zakaj se tako odlo\u010dajo? Italijanski jezik je jezik kulture: znanje italijanskega jezika pomeni imeti dostop do literature, ki ima izreden pomen za zgodovino Evrope; imeti dostop do pomembnih\u00a0humanisti\u010dnih in znanstvenih\u00a0tekstov, do gledali\u0161ke,\u00a0glasbene,\u00a0operne,\u00a0filmske in televizijske\u00a0produkcije. Italijanski jezik je jezik \u0161tudija: [&hellip;]","protected":false},"author":1,"featured_media":0,"parent":0,"menu_order":4,"comment_status":"closed","ping_status":"closed","template":"","meta":{"footnotes":""},"class_list":["post-100","page","type-page","status-publish","hentry"],"_links":{"self":[{"href":"https:\/\/iiclubiana.esteri.it\/sl\/wp-json\/wp\/v2\/pages\/100","targetHints":{"allow":["GET"]}}],"collection":[{"href":"https:\/\/iiclubiana.esteri.it\/sl\/wp-json\/wp\/v2\/pages"}],"about":[{"href":"https:\/\/iiclubiana.esteri.it\/sl\/wp-json\/wp\/v2\/types\/page"}],"author":[{"embeddable":true,"href":"https:\/\/iiclubiana.esteri.it\/sl\/wp-json\/wp\/v2\/users\/1"}],"replies":[{"embeddable":true,"href":"https:\/\/iiclubiana.esteri.it\/sl\/wp-json\/wp\/v2\/comments?post=100"}],"version-history":[{"count":2,"href":"https:\/\/iiclubiana.esteri.it\/sl\/wp-json\/wp\/v2\/pages\/100\/revisions"}],"predecessor-version":[{"id":2750,"href":"https:\/\/iiclubiana.esteri.it\/sl\/wp-json\/wp\/v2\/pages\/100\/revisions\/2750"}],"wp:attachment":[{"href":"https:\/\/iiclubiana.esteri.it\/sl\/wp-json\/wp\/v2\/media?parent=100"}],"curies":[{"name":"wp","href":"https:\/\/api.w.org\/{rel}","templated":true}]}}