{"id":5231,"date":"2025-08-05T16:27:58","date_gmt":"2025-08-05T14:27:58","guid":{"rendered":"https:\/\/iiclubiana.esteri.it\/?page_id=5231"},"modified":"2026-01-09T09:57:17","modified_gmt":"2026-01-09T08:57:17","slug":"orari-e-prezzi","status":"publish","type":"page","link":"https:\/\/iiclubiana.esteri.it\/it\/lingua-e-cultura\/i-corsi-di-lingua\/kako-se-vpisemo\/orari-e-prezzi\/","title":{"rendered":"Orari e prezzi"},"content":{"rendered":"<p style=\"text-align: center;\"><a href=\"https:\/\/iiclubiana.esteri.it\/wp-content\/uploads\/2026\/01\/Urnik-PRI2026.pdf\" target=\"_blank\" rel=\"noopener\">ORARIO<\/a><\/p>\n<p><strong>CORSI STANDARD in presenza o online<\/strong><\/p>\n<p>Per studenti e adulti:<\/p>\n<p>1)\u00a0<strong>60 ore<\/strong>\u00a0di insegnamento, due volte alla settimana, due ore scolastiche (luned\u00ec e mercoled\u00ec o marted\u00ec e gioved\u00ec).<br \/>\nCosto (libri di testo esclusi):\u00a0<strong>490,00 \u20ac (pagamento in unica soluzione) &#8211; <\/strong><strong>510,00 \u20ac per pagamento in 2 rate (da 255,00 \u20ac ciascuna)\u00a0<\/strong><\/p>\n<p>2)\u00a0<strong>30 ore<\/strong>\u00a0di insegnamento una volta alla settimana, due ore scolastiche.<br \/>\nCosto (libri di testo esclusi):\u00a0<strong>295,00 \u20ac (pagamento in unica soluzione) &#8211; <\/strong><strong>310,00 \u20ac per pagamento in 2 rate (da 155,00 \u20ac ciascuna)<\/strong><\/p>\n<p><strong>CORSI INTENSIVI<\/strong>: rappresentano la soluzione ideale per imparare la lingua italiana, con un\u2019immersione completa, in tempi rapidi.\u00a0<strong>24 ore\u00a0<\/strong>di insegnamento, 3 volte alla settimana, per 4 settimane, mattina, pomeriggio o sera.<br \/>\nCosto (libri di testo esclusi):\u00a0<strong>270,00 \u20ac (pagamento in unica soluzione)<\/strong><\/p>\n<p><strong>CONVERSAZIONE<\/strong>: per chi conosce gi\u00e0 bene l\u2019italiano, ma desidera migliorare la propria conoscenza della lingua e della cultura italiane con l\u2019aiuto di insegnanti madrelingua.\u00a0<strong>30 ore<\/strong>, una volta alla settimana, mattina, pomeriggio o sera.<br \/>\nCosto:\u00a0<strong>285,00 \u20ac (pagamento in unica soluzione) &#8211; <\/strong><strong>300,00 \u20ac per pagamento in 2 rate (da 150,00 \u20ac ciascuna)<\/strong><\/p>\n<p><strong>CORSO DI PREPARAZIONE ALL\u2019ESAME CELI\u00a0(15 ore)<\/strong><br \/>\nCosto:\u00a0<strong>150,00 \u20ac (pagamento in unica soluzione)<\/strong>, dispense fornite dall\u2019Istituto<\/p>\n<p>&nbsp;<\/p>\n<p>Tutti i prezzi si intendono per gruppi di\u00a0<strong>min. 4 persone<\/strong>. Qualora il numero dei partecipanti al corso fosse inferiore, l\u2019Istituto si riserva il diritto di annullare il corso oppure, in accordo con gli iscritti, di diminuirne le ore o di aumentare il prezzo.<\/p>\n<p><strong>Sconti<\/strong>: Studenti, pensionati e disoccupati 10%.<\/p>\n<p><strong>Prerequisiti<\/strong>: A eccezione del livello principianti, a tutti gli altri livelli si potr\u00e0 accedere previo superamento di un test di valutazione della conoscenza della lingua italiana, per l\u2019assegnazione del livello pi\u00f9 consono.<\/p>\n<p>&nbsp;<\/p>\n<p><strong>LEZIONI INDIVIDUALI<\/strong><br \/>\nCosti\u00a0(libri di testo esclusi):<br \/>\n1 ora 35,00 \u20ac<br \/>\n10 ore 315,00 \u20ac<br \/>\n20 ore 595,00 \u20ac<br \/>\n30 ore 840,00 \u20ac<br \/>\n40 ore 1.080,00 \u20ac<br \/>\n50 ore 1.295,00 \u20ac<\/p>\n<p>I corsi si svolgono dalle 9.00 alle 21.00.<\/p>\n<p>&nbsp;<\/p>\n<p><strong>CORSI PER BAMBINI:<\/strong>\u00a0<strong>30 ore\u00a0di 60 minuti<\/strong>, una volta alla settimana.<br \/>\nCosto:\u00a0<strong>320,00 \u20ac (pagamento in unica soluzione) &#8211; <\/strong><strong>340,00 \u20ac per pagamento in 2 rate (da 170,00 \u20ac ciascuna)<\/strong><\/p>\n","protected":false},"excerpt":{"rendered":"ORARIO CORSI STANDARD in presenza o online Per studenti e adulti: 1)\u00a060 ore\u00a0di insegnamento, due volte alla settimana, due ore scolastiche (luned\u00ec e mercoled\u00ec o marted\u00ec e gioved\u00ec). Costo (libri di testo esclusi):\u00a0490,00 \u20ac (pagamento in unica soluzione) &#8211; 510,00 \u20ac per pagamento in 2 rate (da 255,00 \u20ac ciascuna)\u00a0 2)\u00a030 ore\u00a0di insegnamento una volta [&hellip;]","protected":false},"author":6,"featured_media":0,"parent":2719,"menu_order":0,"comment_status":"closed","ping_status":"closed","template":"","meta":{"footnotes":""},"class_list":["post-5231","page","type-page","status-publish","hentry"],"_links":{"self":[{"href":"https:\/\/iiclubiana.esteri.it\/it\/wp-json\/wp\/v2\/pages\/5231","targetHints":{"allow":["GET"]}}],"collection":[{"href":"https:\/\/iiclubiana.esteri.it\/it\/wp-json\/wp\/v2\/pages"}],"about":[{"href":"https:\/\/iiclubiana.esteri.it\/it\/wp-json\/wp\/v2\/types\/page"}],"author":[{"embeddable":true,"href":"https:\/\/iiclubiana.esteri.it\/it\/wp-json\/wp\/v2\/users\/6"}],"replies":[{"embeddable":true,"href":"https:\/\/iiclubiana.esteri.it\/it\/wp-json\/wp\/v2\/comments?post=5231"}],"version-history":[{"count":7,"href":"https:\/\/iiclubiana.esteri.it\/it\/wp-json\/wp\/v2\/pages\/5231\/revisions"}],"predecessor-version":[{"id":5693,"href":"https:\/\/iiclubiana.esteri.it\/it\/wp-json\/wp\/v2\/pages\/5231\/revisions\/5693"}],"up":[{"embeddable":true,"href":"https:\/\/iiclubiana.esteri.it\/it\/wp-json\/wp\/v2\/pages\/2719"}],"wp:attachment":[{"href":"https:\/\/iiclubiana.esteri.it\/it\/wp-json\/wp\/v2\/media?parent=5231"}],"curies":[{"name":"wp","href":"https:\/\/api.w.org\/{rel}","templated":true}]}}