{"id":47,"date":"2023-04-03T20:57:00","date_gmt":"2023-04-03T18:57:00","guid":{"rendered":"https:\/\/istitutobuenosaires.esteri.it\/?page_id=47"},"modified":"2026-02-24T16:06:21","modified_gmt":"2026-02-24T15:06:21","slug":"premi-alla-traduzione","status":"publish","type":"page","link":"https:\/\/iiclubiana.esteri.it\/it\/lingua-e-cultura\/premi-alla-traduzione\/","title":{"rendered":"Premi alla traduzione"},"content":{"rendered":"<div>\n<p style=\"text-align: right;\">24\/02\/2026<\/p>\n<p>&nbsp;<\/p>\n<p><strong>Contributi e premi per la divulgazione del libro italiano, per la traduzione di opere letterarie e scientifiche nonch\u00e9 per produzione, doppiaggio e sottotitolatura di cortometraggi e lungometraggi e di serie televisive destinati ai mezzi di comunicazione di massa<\/strong><\/p>\n<p>&nbsp;<\/p>\n<p><strong>A) Provvedimenti di carattere normativo<\/strong><\/p>\n<p>&#8211; Decreto del Ministro degli Affari Esteri n. 593 del 7 novembre 1995 (Regolamento recante norme sulla concessione di premi e di contributi per la divulgazione del libro italiano e per la traduzione di opere letterarie e scientifiche, nonch\u00e9 per la produzione, il doppiaggio e la sottotitolatura di cortometraggi e lungometraggi di serie televisive destinati ai mezzi di comunicazione di massa)<br \/>\n&#8211; Legge n. 241 del 7 agosto 1990 (Nuove norme in materia di procedimento amministrativo e di diritto di accesso ai documenti amministrativi)<br \/>\n&#8211; Decreto del Ministro degli Affari Esteri n. 171 del 3 marzo 1995 (Regolamento di attuazione degli articoli 2 e 4 della legge 7 agosto 1990, n. 241, recante nuove norme in materia di procedimento amministrativo, relativamente ai procedimenti di competenza di organi dell\u2019Amministrazione degli affari esteri)<br \/>\n&#8211; Decreto del Presidente della Repubblica n. 445 del 28 dicembre 2000 (Testo unico delle disposizioni legislative e regolamentari in materia di documentazione amministrativa)<br \/>\n&#8211; Decreto Legislativo n. 82 del 7 marzo 2005 (Codice dell\u2019amministrazione digitale)<br \/>\nOve non presente in questa pagina, il testo aggiornato di tutti i provvedimenti sopra elencati, \u00e8 consultabile nel sito &#8220;Normattiva&#8221;:<br \/>\n<a href=\"http:\/\/www.normattiva.it\/\">http:\/\/www.normattiva.it\/<\/a><\/p>\n<p><strong>B) Bilancio dello Stato<\/strong><\/p>\n<p>Piano gestionale 9 del capitolo 2619 dello Stato di Previsione della Spesa del Ministero degli Affari Esteri e della Cooperazione Internazionale (MAECI)<\/p>\n<p><strong>C) Come fare richiesta<\/strong><\/p>\n<p><strong>I.<\/strong> Le richieste vanno redatte in italiano o in inglese utilizzando il<a href=\"https:\/\/iiclubiana.esteri.it\/wp-content\/uploads\/2026\/02\/2026-modulo-di-domanda-IT-EN-ESP_RICHIEDENTE.docx\">\u00a0modulo di domanda IT-EN-ESP_RICHIEDENTE<\/a><br \/>\n<strong>II.<\/strong> Le richieste debbono essere presentate all&#8217;Istituto entro e non oltre il <strong>31 marzo 2026<\/strong>.<br \/>\n<strong>III.<\/strong> Il richiedente pu\u00f2 formulare le richieste in forma cartacea e farle pervenire:<br \/>\n(1) tramite consegna manuale presso la sede dell&#8217;Istituto &#8211; sita all&#8217;indirizzo Breg 12, 1000 Ljubljana, Slovenia &#8211; oppure<br \/>\n(2) con raccomandata con ricevuta di ritorno o equivalente servizio postale inviata al medesimo indirizzo.<br \/>\n<strong>IV.<\/strong> Il richiedente pu\u00f2 inoltre presentare la richiesta per via telematica in uno dei modi previsti dall\u2019art. 65 del D. Lgs. n. 82 del 2005, e in particolare sottoscrivendola e presentandola per posta elettronica certificata (PEC) unitamente alla copia della propria carta d\u2019identit\u00e0 che sia in corso di validit\u00e0, o di un altro documento che sia in corso di validit\u00e0 e che risulti equipollente alla carta d\u2019identit\u00e0 ai sensi dell\u2019art. 35 del D.P.R. n. 445 del 2000, (come il passaporto e la patente di guida, purch\u00e9 munite di fotografia e di timbro o di altra segnatura equivalente e rilasciate da un\u2019Amministrazione dello Stato). Infatti le istanze presentate per via telematica nei modi sopra definiti, sono equivalenti alle istanze sottoscritte con firma autografa apposta in presenza del dipendente addetto al procedimento.<br \/>\nLa richiesta presentata per PEC, deve essere spedita da un indirizzo di PEC all\u2019indirizzo: <a href=\"mailto:iic.lubiana@cert.esteri.it\">iic.lubiana@cert.esteri.it<\/a>\u00a0.<\/p>\n<p><strong>D) Ulteriori informazioni<\/strong><\/p>\n<p>Le informazioni relative alla presentazione delle richieste nonch\u00e9 a concessione ed erogazione di premi e contributi sono contenute nel <a href=\"https:\/\/iiclubiana.esteri.it\/wp-content\/uploads\/2026\/02\/ITA_2026-Bando-Premi-e-Contributi.pdf\">ITA_2026 Bando Premi e Contributi \/ <\/a><a href=\"https:\/\/iiclubiana.esteri.it\/wp-content\/uploads\/2026\/02\/ENG-2026-Bando-Premi-e-Contributi.pdf\">ENG 2026 Bando Premi e Contributi<\/a><\/p>\n<p>&nbsp;<\/p>\n<\/div>\n","protected":false},"excerpt":{"rendered":"24\/02\/2026 &nbsp; Contributi e premi per la divulgazione del libro italiano, per la traduzione di opere letterarie e scientifiche nonch\u00e9 per produzione, doppiaggio e sottotitolatura di cortometraggi e lungometraggi e di serie televisive destinati ai mezzi di comunicazione di massa &nbsp; A) Provvedimenti di carattere normativo &#8211; Decreto del Ministro degli Affari Esteri n. 593 [&hellip;]","protected":false},"author":1,"featured_media":0,"parent":16,"menu_order":12,"comment_status":"closed","ping_status":"closed","template":"","meta":{"footnotes":""},"class_list":["post-47","page","type-page","status-publish","hentry"],"_links":{"self":[{"href":"https:\/\/iiclubiana.esteri.it\/it\/wp-json\/wp\/v2\/pages\/47","targetHints":{"allow":["GET"]}}],"collection":[{"href":"https:\/\/iiclubiana.esteri.it\/it\/wp-json\/wp\/v2\/pages"}],"about":[{"href":"https:\/\/iiclubiana.esteri.it\/it\/wp-json\/wp\/v2\/types\/page"}],"author":[{"embeddable":true,"href":"https:\/\/iiclubiana.esteri.it\/it\/wp-json\/wp\/v2\/users\/1"}],"replies":[{"embeddable":true,"href":"https:\/\/iiclubiana.esteri.it\/it\/wp-json\/wp\/v2\/comments?post=47"}],"version-history":[{"count":6,"href":"https:\/\/iiclubiana.esteri.it\/it\/wp-json\/wp\/v2\/pages\/47\/revisions"}],"predecessor-version":[{"id":5909,"href":"https:\/\/iiclubiana.esteri.it\/it\/wp-json\/wp\/v2\/pages\/47\/revisions\/5909"}],"up":[{"embeddable":true,"href":"https:\/\/iiclubiana.esteri.it\/it\/wp-json\/wp\/v2\/pages\/16"}],"wp:attachment":[{"href":"https:\/\/iiclubiana.esteri.it\/it\/wp-json\/wp\/v2\/media?parent=47"}],"curies":[{"name":"wp","href":"https:\/\/api.w.org\/{rel}","templated":true}]}}