{"id":42,"date":"2023-04-03T20:55:37","date_gmt":"2023-04-03T18:55:37","guid":{"rendered":"https:\/\/istitutobuenosaires.esteri.it\/?page_id=42"},"modified":"2025-08-06T10:50:02","modified_gmt":"2025-08-06T08:50:02","slug":"i-corsi-di-lingua","status":"publish","type":"page","link":"https:\/\/iiclubiana.esteri.it\/it\/lingua-e-cultura\/i-corsi-di-lingua\/","title":{"rendered":"I corsi di lingua"},"content":{"rendered":"<p><strong class=\"titoloRosso\">Perch\u00e9 studiare l&#8217;italiano all&#8217;Istituto Italiano di Cultura di Lubiana?<\/strong><\/p>\n<p><span class=\"titoloRosso\">Che cosa contraddistingue i corsi dell&#8217;IIC?<\/span><\/p>\n<p>Gli studenti scelgono l\u2019Istituto Italiano di Cultura di Lubiana perch\u00e9:<\/p>\n<ul>\n<li>Studiare l\u2019italiano presso l\u2019IIC di Lubiana vuol dire imparare una lingua grazie ad una <strong>vasta offerta di corsi<\/strong> che va dal livello elementare fino al livello avanzato;<\/li>\n<li>I corsi sono articolati in base ai sei livelli di competenza previsti dal\u00a0<a href=\"https:\/\/europass.cedefop.europa.eu\/it\/resources\/european-language-levels-cefr\" target=\"_blank\" rel=\"noopener\"><strong>Quadro di riferimento Europeo<\/strong><\/a>;<\/li>\n<li>L&#8217;IIC di Lubiana \u00e8\u00a0una delle poche\u00a0istituzioni in\u00a0Slovenia ad organizzare gli esami relativi al rilascio del diploma, rispettivamente delle Universit\u00e0 di Siena, di Perugia e Roma 3\u00a0(<strong>CELI,\u00a0CILS, IT<\/strong>), attestante la conoscenza della lingua italiana come lingua straniera;<\/li>\n<li>La segreteria dell\u2019Istituto rilascia <strong>attestati di frequenza<\/strong>,\u00a0di livello intermedio e\u00a0superiore;<\/li>\n<li>Gli studenti dell\u2019IIC di\u00a0Lubiana possono accedere <strong>gratuitamente <\/strong>al <strong>prestito <\/strong>e alla consultazione del materiale presente nella mediateca italiana;<\/li>\n<li>Gli studenti dell\u2019IIC di Lubiana possono ricevere <strong>informazioni ed inviti <\/strong>relativi agli eventi culturali organizzati dall\u2019Istituto.<\/li>\n<li><strong>Costi contenuti<\/strong>: riusciamo a offrire una didattica di qualit\u00e0 a prezzi estremamente concorrenziali perch\u00e9 l&#8217;Istituto \u00e8 un&#8217;organzizzazione pubblica (Ministero degli Affari Esteri Italiano) senza scopo di lucro.<\/li>\n<li>Il nostro metodo di insegnamento prevede un&#8217;equilibrata <strong>integrazione dell&#8217;approccio comunicativo e di quello grammaticale<\/strong>. Dedichiamo uguale attenzione alle attivit\u00e0 necessarie per imparare a parlare, capire e organizzare coerentemente un discorso in italiano.<\/li>\n<li>Il nostro obiettivo \u00e8 insegnare la <strong>lingua viva e attuale<\/strong>, quella che si usa ogni giorno per comunicare e lavorare. Gli audiovisivi usati durante le lezioni sono costantemente aggiornati, e attraverso programmi televisivi, pubblicit\u00e0 e film propongono sempre gli aspetti pi\u00f9 vivi e attuali della lingua parlata.<\/li>\n<li><strong>Insegnanti esperti, preparati e motivati<\/strong>. I nostri insegnanti di italiano, tutti di madrelingua, hanno titolo di studio universitario.<\/li>\n<li><strong>Borse di studio in Italia <\/strong>: vengono offerte a coloro che vogliano approfondire la conoscenza dell&#8217;italiano presso Istituti di lingue in varie regioni d&#8217;Italia.<\/li>\n<li><strong>Assaporare la magia dell&#8217;Italia<\/strong>: gli studenti sono immersi nella realt\u00e0 italiana rappresentata dall\u2019Istituto e dalle numerose attivit\u00e0 da esso organizzate.<\/li>\n<\/ul>\n<p>I nostri corsi si modellano con duttilit\u00e0 sulle esigenze dello studente. Offriamo un insegnamento che sa coinvolgere e consigliare, sa valutare al meglio le conoscenze gi\u00e0 acquisite e suggerire sempre i percorsi didattici pi\u00f9 opportuni. Non vi sentirete mai persi tra una folla di studenti e troverete sempre qualcuno pronto ad aiutarvi.<\/p>\n<p>Se siete innamorati della cultura italiana e se siete predisposti per lo studio delle lingue, studiare all&#8217;IIC \u00e8 la scelta ideale. I nostri corsi privilegiano l&#8217;apprendimento attivo, la riflessione linguistica e culturale, il vivo confronto intellettuale tra gli studenti e con gli insegnanti.<\/p>\n<p>&nbsp;<\/p>\n","protected":false},"excerpt":{"rendered":"Perch\u00e9 studiare l&#8217;italiano all&#8217;Istituto Italiano di Cultura di Lubiana? Che cosa contraddistingue i corsi dell&#8217;IIC? Gli studenti scelgono l\u2019Istituto Italiano di Cultura di Lubiana perch\u00e9: Studiare l\u2019italiano presso l\u2019IIC di Lubiana vuol dire imparare una lingua grazie ad una vasta offerta di corsi che va dal livello elementare fino al livello avanzato; I corsi sono [&hellip;]","protected":false},"author":1,"featured_media":0,"parent":16,"menu_order":0,"comment_status":"closed","ping_status":"closed","template":"","meta":{"footnotes":""},"class_list":["post-42","page","type-page","status-publish","hentry"],"_links":{"self":[{"href":"https:\/\/iiclubiana.esteri.it\/it\/wp-json\/wp\/v2\/pages\/42","targetHints":{"allow":["GET"]}}],"collection":[{"href":"https:\/\/iiclubiana.esteri.it\/it\/wp-json\/wp\/v2\/pages"}],"about":[{"href":"https:\/\/iiclubiana.esteri.it\/it\/wp-json\/wp\/v2\/types\/page"}],"author":[{"embeddable":true,"href":"https:\/\/iiclubiana.esteri.it\/it\/wp-json\/wp\/v2\/users\/1"}],"replies":[{"embeddable":true,"href":"https:\/\/iiclubiana.esteri.it\/it\/wp-json\/wp\/v2\/comments?post=42"}],"version-history":[{"count":4,"href":"https:\/\/iiclubiana.esteri.it\/it\/wp-json\/wp\/v2\/pages\/42\/revisions"}],"predecessor-version":[{"id":5259,"href":"https:\/\/iiclubiana.esteri.it\/it\/wp-json\/wp\/v2\/pages\/42\/revisions\/5259"}],"up":[{"embeddable":true,"href":"https:\/\/iiclubiana.esteri.it\/it\/wp-json\/wp\/v2\/pages\/16"}],"wp:attachment":[{"href":"https:\/\/iiclubiana.esteri.it\/it\/wp-json\/wp\/v2\/media?parent=42"}],"curies":[{"name":"wp","href":"https:\/\/api.w.org\/{rel}","templated":true}]}}